{"id":29246,"date":"2025-07-19T10:45:41","date_gmt":"2025-07-19T10:45:41","guid":{"rendered":"https:\/\/zivotistil.mk\/brankica\/?page_id=29246"},"modified":"2025-08-23T13:31:49","modified_gmt":"2025-08-23T13:31:49","slug":"om-os","status":"publish","type":"page","link":"https:\/\/zivotistil.mk\/brankica\/om-os\/","title":{"rendered":"OM OS"},"content":{"rendered":"\t\t<div data-elementor-type=\"wp-page\" data-elementor-id=\"29246\" class=\"elementor elementor-29246\" data-elementor-post-type=\"page\">\n\t\t\t\t\t\t<section class=\"wd-negative-gap elementor-section elementor-top-section elementor-element elementor-element-6e84797e elementor-section-content-middle elementor-section-boxed elementor-section-height-default elementor-section-height-default\" data-id=\"6e84797e\" data-element_type=\"section\" data-e-type=\"section\">\n\t\t\t\t\t\t<div class=\"elementor-container elementor-column-gap-extended\">\n\t\t\t\t\t<div class=\"elementor-column elementor-col-50 elementor-top-column elementor-element elementor-element-29646c4\" data-id=\"29646c4\" data-element_type=\"column\" data-e-type=\"column\">\n\t\t\t<div class=\"elementor-widget-wrap elementor-element-populated\">\n\t\t\t\t\t\t<div class=\"elementor-element elementor-element-1d525d9 elementor-widget elementor-widget-wd_image_or_svg\" data-id=\"1d525d9\" data-element_type=\"widget\" data-e-type=\"widget\" data-widget_type=\"wd_image_or_svg.default\">\n\t\t\t\t<div class=\"elementor-widget-container\">\n\t\t\t\t\t\n\t\t<div class=\"wd-image text-center\">\n\t\t\t\t\t\t\t\t<img loading=\"lazy\" decoding=\"async\" width=\"780\" height=\"780\" src=\"https:\/\/zivotistil.mk\/brankica\/wp-content\/uploads\/2025\/08\/Brankica.png\" class=\"attachment-full size-full\" alt=\"\" srcset=\"https:\/\/zivotistil.mk\/brankica\/wp-content\/uploads\/2025\/08\/Brankica.png 780w, https:\/\/zivotistil.mk\/brankica\/wp-content\/uploads\/2025\/08\/Brankica-300x300.png 300w, https:\/\/zivotistil.mk\/brankica\/wp-content\/uploads\/2025\/08\/Brankica-150x150.png 150w, https:\/\/zivotistil.mk\/brankica\/wp-content\/uploads\/2025\/08\/Brankica-768x768.png 768w, https:\/\/zivotistil.mk\/brankica\/wp-content\/uploads\/2025\/08\/Brankica-430x430.png 430w, https:\/\/zivotistil.mk\/brankica\/wp-content\/uploads\/2025\/08\/Brankica-700x700.png 700w\" sizes=\"auto, (max-width: 780px) 100vw, 780px\" \/>\t\t\t\t\t<\/div>\n\n\t\t\t\t\t\t<\/div>\n\t\t\t\t<\/div>\n\t\t\t\t\t<\/div>\n\t\t<\/div>\n\t\t\t\t<div class=\"elementor-column elementor-col-50 elementor-top-column elementor-element elementor-element-ce1183a\" data-id=\"ce1183a\" data-element_type=\"column\" data-e-type=\"column\">\n\t\t\t<div class=\"elementor-widget-wrap elementor-element-populated\">\n\t\t\t\t\t\t<div class=\"elementor-element elementor-element-a728898 wd-width-100 elementor-widget elementor-widget-wd_title\" data-id=\"a728898\" data-element_type=\"widget\" data-e-type=\"widget\" data-widget_type=\"wd_title.default\">\n\t\t\t\t<div class=\"elementor-widget-container\">\n\t\t\t\t\t\t\t<div class=\"title-wrapper wd-set-mb reset-last-child wd-title-color-default wd-title-style-default wd-title-size-default text-left\">\n\n\t\t\t\n\t\t\t<div class=\"liner-continer\">\n\t\t\t\t<h4 class=\"woodmart-title-container title wd-fontsize-l\">Brankica Matic \u2013 Stifter af Art of Ayurveda Institute<\/h4> \n\t\t\t\t\t\t\t<\/div>\n\n\t\t\t\t\t<\/div>\n\t\t\t\t\t\t<\/div>\n\t\t\t\t<\/div>\n\t\t\t\t<div class=\"elementor-element elementor-element-56768d21 elementor-widget elementor-widget-wd_text_block\" data-id=\"56768d21\" data-element_type=\"widget\" data-e-type=\"widget\" data-widget_type=\"wd_text_block.default\">\n\t\t\t\t<div class=\"elementor-widget-container\">\n\t\t\t\t\t\t\t<div class=\"wd-text-block reset-last-child text-left\">\n\t\t\t\n\t\t\t<p>Brankica Matic er kvinden bag b\u00e5de Art of Ayurveda og Art of Yoga Institute. Hun er en dedikeret formidler og behandler med dybe r\u00f8dder i b\u00e5de den klassiske yogatradition og ayurveda. Uddannet ayurvedisk behandler fra et anerkendt ayurvedisk college i Indien, bringer Brankica en s\u00e6rlig kombination af faglighed, intuition og menneskelig indsigt til sit arbejde.<\/p><p>Til vinter rejser Brankica til Kerala, hvor hun skal tilbringe en hel m\u00e5ned i klinisk praksis under erfarne indiske l\u00e6ger \u2013 for at fordybe sig endnu mere i den ayurvediske medicins hjerte og hverdagspraksis.<\/p><p>Hun er kendt for sin evne til at skabe forvandlende forl\u00f8b og undervisning, der g\u00e5r direkte til b\u00e5de krop og bevidsthed. Hos hende er du ikke bare et nummer i systemet \u2013 du er en levende fort\u00e6lling, som bliver h\u00f8rt, st\u00f8ttet og l\u00f8ftet.<\/p>\n\t\t\t\t\t<\/div>\n\t\t\t\t\t\t<\/div>\n\t\t\t\t<\/div>\n\t\t\t\t\t<\/div>\n\t\t<\/div>\n\t\t\t\t\t<\/div>\n\t\t<\/section>\n\t\t\t\t<section class=\"wd-negative-gap elementor-section elementor-top-section elementor-element elementor-element-36a5f56e elementor-section-content-middle elementor-reverse-tablet elementor-reverse-mobile elementor-section-boxed elementor-section-height-default elementor-section-height-default\" data-id=\"36a5f56e\" data-element_type=\"section\" data-e-type=\"section\">\n\t\t\t\t\t\t<div class=\"elementor-container elementor-column-gap-extended\">\n\t\t\t\t\t<div class=\"elementor-column elementor-col-50 elementor-top-column elementor-element elementor-element-1e38a38e\" data-id=\"1e38a38e\" data-element_type=\"column\" data-e-type=\"column\">\n\t\t\t<div class=\"elementor-widget-wrap elementor-element-populated\">\n\t\t\t\t\t\t<div class=\"elementor-element elementor-element-234d645e wd-width-100 elementor-widget elementor-widget-wd_title\" data-id=\"234d645e\" data-element_type=\"widget\" data-e-type=\"widget\" data-widget_type=\"wd_title.default\">\n\t\t\t\t<div class=\"elementor-widget-container\">\n\t\t\t\t\t\t\t<div class=\"title-wrapper wd-set-mb reset-last-child wd-title-color-default wd-title-style-default wd-title-size-default text-left\">\n\n\t\t\t\n\t\t\t<div class=\"liner-continer\">\n\t\t\t\t<h4 class=\"woodmart-title-container title wd-fontsize-l\">Dr. Arjun Aparnasram \u2013 Ayurvedisk L\u00e6ge &amp; Specialist i Marma og Pulsdiagnose<\/h4> \n\t\t\t\t\t\t\t<\/div>\n\n\t\t\t\t\t<\/div>\n\t\t\t\t\t\t<\/div>\n\t\t\t\t<\/div>\n\t\t\t\t<div class=\"elementor-element elementor-element-174aa22c elementor-widget elementor-widget-wd_text_block\" data-id=\"174aa22c\" data-element_type=\"widget\" data-e-type=\"widget\" data-widget_type=\"wd_text_block.default\">\n\t\t\t\t<div class=\"elementor-widget-container\">\n\t\t\t\t\t\t\t<div class=\"wd-text-block reset-last-child text-left\">\n\t\t\t\n\t\t\t<p>Dr. Arjun Aparnasram er praktiserende ayurvedisk l\u00e6ge ved Veda5 Ayurveda &amp; Yoga Retreat i Indien, og en fast samarbejdspartner hos Art of Ayurveda Institute. Han er uddannet B.A.M.S. (Bachelor of Ayurvedic Medicine and Surgery) og har specialiseret sig i marma terapi, pulsdiagnostik og klassisk Panchakarma-behandling.<\/p><p>Hans tilgang er dybt forankret i de traditionelle ayurvediske tekster, og samtidig ekstremt moderne i sin forst\u00e5else af kroppens behov i en verden pr\u00e6get af stress, tempo og livsstilsproblemer.<\/p><p>Med mere end et \u00e5rtis klinisk erfaring og en s\u00e6rlig evne til at l\u00e6se kroppen gennem nadi pariksha (pulsdiagnose), hj\u00e6lper han mennesker med alt fra kroniske sygdomme til livsstilsjusteringer og mental balance.<\/p><p>N\u00e5r du arbejder med Dr. Arjun \u2013 online eller i Danmark \u2013 f\u00e5r du adgang til en dybdeg\u00e5ende indsigt, der ikke bare retter symptomer, men forst\u00e5r <em>\u00e5rsager<\/em>. Det er ikke quick fixes \u2013 det er dyb healing.<\/p>\n\t\t\t\t\t<\/div>\n\t\t\t\t\t\t<\/div>\n\t\t\t\t<\/div>\n\t\t\t\t\t<\/div>\n\t\t<\/div>\n\t\t\t\t<div class=\"elementor-column elementor-col-50 elementor-top-column elementor-element elementor-element-761e2a0a\" data-id=\"761e2a0a\" data-element_type=\"column\" data-e-type=\"column\">\n\t\t\t<div class=\"elementor-widget-wrap elementor-element-populated\">\n\t\t\t\t\t\t<div class=\"elementor-element elementor-element-47f8e8c6 elementor-widget elementor-widget-wd_image_or_svg\" data-id=\"47f8e8c6\" data-element_type=\"widget\" data-e-type=\"widget\" data-widget_type=\"wd_image_or_svg.default\">\n\t\t\t\t<div class=\"elementor-widget-container\">\n\t\t\t\t\t\n\t\t<div class=\"wd-image text-left\">\n\t\t\t\t\t\t\t\t<img loading=\"lazy\" decoding=\"async\" width=\"1000\" height=\"1000\" src=\"https:\/\/zivotistil.mk\/brankica\/wp-content\/uploads\/2025\/07\/f55e5929-4d07-4c8f-bbc0-b56ff1504a69.jpg\" class=\"attachment-full size-full\" alt=\"\" srcset=\"https:\/\/zivotistil.mk\/brankica\/wp-content\/uploads\/2025\/07\/f55e5929-4d07-4c8f-bbc0-b56ff1504a69.jpg 1000w, https:\/\/zivotistil.mk\/brankica\/wp-content\/uploads\/2025\/07\/f55e5929-4d07-4c8f-bbc0-b56ff1504a69-430x430.jpg 430w, https:\/\/zivotistil.mk\/brankica\/wp-content\/uploads\/2025\/07\/f55e5929-4d07-4c8f-bbc0-b56ff1504a69-150x150.jpg 150w, https:\/\/zivotistil.mk\/brankica\/wp-content\/uploads\/2025\/07\/f55e5929-4d07-4c8f-bbc0-b56ff1504a69-700x700.jpg 700w, https:\/\/zivotistil.mk\/brankica\/wp-content\/uploads\/2025\/07\/f55e5929-4d07-4c8f-bbc0-b56ff1504a69-300x300.jpg 300w, https:\/\/zivotistil.mk\/brankica\/wp-content\/uploads\/2025\/07\/f55e5929-4d07-4c8f-bbc0-b56ff1504a69-800x800.jpg 800w, https:\/\/zivotistil.mk\/brankica\/wp-content\/uploads\/2025\/07\/f55e5929-4d07-4c8f-bbc0-b56ff1504a69-768x768.jpg 768w\" sizes=\"auto, (max-width: 1000px) 100vw, 1000px\" \/>\t\t\t\t\t<\/div>\n\n\t\t\t\t\t\t<\/div>\n\t\t\t\t<\/div>\n\t\t\t\t\t<\/div>\n\t\t<\/div>\n\t\t\t\t\t<\/div>\n\t\t<\/section>\n\t\t\t\t<\/div>\n\t\t","protected":false},"excerpt":{"rendered":"<p>Brankica Matic \u2013 Stifter af Art of Ayurveda Institute Brankica Matic er kvinden bag b\u00e5de Art of Ayurveda og Art<\/p>\n","protected":false},"author":1,"featured_media":0,"parent":0,"menu_order":0,"comment_status":"closed","ping_status":"closed","template":"","meta":{"footnotes":""},"class_list":["post-29246","page","type-page","status-publish","hentry"],"_links":{"self":[{"href":"https:\/\/zivotistil.mk\/brankica\/wp-json\/wp\/v2\/pages\/29246","targetHints":{"allow":["GET"]}}],"collection":[{"href":"https:\/\/zivotistil.mk\/brankica\/wp-json\/wp\/v2\/pages"}],"about":[{"href":"https:\/\/zivotistil.mk\/brankica\/wp-json\/wp\/v2\/types\/page"}],"author":[{"embeddable":true,"href":"https:\/\/zivotistil.mk\/brankica\/wp-json\/wp\/v2\/users\/1"}],"replies":[{"embeddable":true,"href":"https:\/\/zivotistil.mk\/brankica\/wp-json\/wp\/v2\/comments?post=29246"}],"version-history":[{"count":29,"href":"https:\/\/zivotistil.mk\/brankica\/wp-json\/wp\/v2\/pages\/29246\/revisions"}],"predecessor-version":[{"id":29778,"href":"https:\/\/zivotistil.mk\/brankica\/wp-json\/wp\/v2\/pages\/29246\/revisions\/29778"}],"wp:attachment":[{"href":"https:\/\/zivotistil.mk\/brankica\/wp-json\/wp\/v2\/media?parent=29246"}],"curies":[{"name":"wp","href":"https:\/\/api.w.org\/{rel}","templated":true}]}}